{"id":76,"date":"2021-10-09T11:52:47","date_gmt":"2021-10-09T11:52:47","guid":{"rendered":"https:\/\/www.rayba.ch\/?page_id=76"},"modified":"2022-08-21T18:53:43","modified_gmt":"2022-08-21T18:53:43","slug":"buch-beschreibung","status":"publish","type":"page","link":"https:\/\/www.rayba.ch\/?page_id=76","title":{"rendered":"Bilderbuch &#8222;Es ist gut so&#8220;"},"content":{"rendered":"\n<p><strong>\u00abEs ist gut so, wie du bist.\u00bb<\/strong><\/p>\n\n\n\n<p><strong>Beschreibung<\/strong><\/p>\n\n\n\n<p>Dieses Bilderbuch soll dich unterst\u00fctzen, dich zu sch\u00e4tzen, wie du bist mit all deinen St\u00e4rken und Schw\u00e4chen. Es soll dir helfen, jede deiner Situationen anzunehmen und das Beste daraus zu sch\u00f6pfen.<\/p>\n\n\n\n<p>Du erlebst den Gedankenaustausch zwischen dem Schmetterling und Gott und kannst die Fragen und Antworten auf dich wirken lassen.<\/p>\n\n\n\n<p><strong>Zielpublikum<\/strong><\/p>\n\n\n\n<p>Dieses Buch richtet sich an Menschen, die sich in einer schwierigen Lebenslage befinden. Es soll Mut, Zuversicht und Hoffnung spenden, das Vertrauen in sich selbst st\u00e4rken und helfen schwierige Umst\u00e4nde besser annehmen zu k\u00f6nnen.<\/p>\n\n\n\n<p><strong>Produktinformationen<\/strong><\/p>\n\n\n\n<p>Titel: Es ist gut so, wie ich bin!<br>Autor: Rahel Esther Bangerter<br>Illustrator:\u00a0Rahel Esther Bangerter<br>ISBN: 978-3-9525567-0-2<br>Format: Fester Einband<br>Altersempfehlung:\u00a04-99 Jahre<br>Genre:\u00a0Bilderb\u00fccher<br>Anzahl Seiten: 32<br>Gr\u00f6sse: H 215mm x B 305mm x T 9mm<br>Sprache:\u00a0Deutsch<br>Auflage: 1. Auflage<\/p>\n\n\n\n<p><strong>Vorschau<\/strong><\/p>\n\n\n\n<figure class=\"wp-block-gallery has-nested-images columns-default is-cropped wp-block-gallery-1 is-layout-flex wp-block-gallery-is-layout-flex\">\n<figure class=\"wp-block-image size-large\"><img loading=\"lazy\" decoding=\"async\" width=\"800\" height=\"561\" data-id=\"57\" src=\"https:\/\/www.rayba.ch\/wp-content\/uploads\/2021\/10\/Buch_Schmetterling_Cover-3.jpg\" alt=\"\" class=\"wp-image-57\" srcset=\"https:\/\/www.rayba.ch\/wp-content\/uploads\/2021\/10\/Buch_Schmetterling_Cover-3.jpg 800w, https:\/\/www.rayba.ch\/wp-content\/uploads\/2021\/10\/Buch_Schmetterling_Cover-3-300x210.jpg 300w, https:\/\/www.rayba.ch\/wp-content\/uploads\/2021\/10\/Buch_Schmetterling_Cover-3-768x539.jpg 768w\" sizes=\"auto, (max-width: 800px) 100vw, 800px\" \/><\/figure>\n<\/figure>\n\n\n\n<figure class=\"wp-block-gallery aligncenter has-nested-images columns-1 is-cropped wp-block-gallery-2 is-layout-flex wp-block-gallery-is-layout-flex\">\n<figure class=\"wp-block-image size-large\"><img loading=\"lazy\" decoding=\"async\" width=\"1031\" height=\"723\" data-id=\"151\" src=\"https:\/\/www.rayba.ch\/wp-content\/uploads\/2022\/08\/06.jpg\" alt=\"\" class=\"wp-image-151\" srcset=\"https:\/\/www.rayba.ch\/wp-content\/uploads\/2022\/08\/06.jpg 1031w, https:\/\/www.rayba.ch\/wp-content\/uploads\/2022\/08\/06-300x210.jpg 300w, https:\/\/www.rayba.ch\/wp-content\/uploads\/2022\/08\/06-1024x718.jpg 1024w, https:\/\/www.rayba.ch\/wp-content\/uploads\/2022\/08\/06-768x539.jpg 768w\" sizes=\"auto, (max-width: 1031px) 100vw, 1031px\" \/><\/figure>\n\n\n\n<figure class=\"wp-block-image size-large\"><img loading=\"lazy\" decoding=\"async\" width=\"1031\" height=\"723\" data-id=\"152\" src=\"https:\/\/www.rayba.ch\/wp-content\/uploads\/2022\/08\/07.jpg\" alt=\"\" class=\"wp-image-152\" srcset=\"https:\/\/www.rayba.ch\/wp-content\/uploads\/2022\/08\/07.jpg 1031w, https:\/\/www.rayba.ch\/wp-content\/uploads\/2022\/08\/07-300x210.jpg 300w, https:\/\/www.rayba.ch\/wp-content\/uploads\/2022\/08\/07-1024x718.jpg 1024w, https:\/\/www.rayba.ch\/wp-content\/uploads\/2022\/08\/07-768x539.jpg 768w\" sizes=\"auto, (max-width: 1031px) 100vw, 1031px\" \/><\/figure>\n\n\n\n<figure class=\"wp-block-image size-large\"><img loading=\"lazy\" decoding=\"async\" width=\"1031\" height=\"723\" data-id=\"153\" src=\"https:\/\/www.rayba.ch\/wp-content\/uploads\/2022\/08\/08.jpg\" alt=\"\" class=\"wp-image-153\" srcset=\"https:\/\/www.rayba.ch\/wp-content\/uploads\/2022\/08\/08.jpg 1031w, https:\/\/www.rayba.ch\/wp-content\/uploads\/2022\/08\/08-300x210.jpg 300w, https:\/\/www.rayba.ch\/wp-content\/uploads\/2022\/08\/08-1024x718.jpg 1024w, https:\/\/www.rayba.ch\/wp-content\/uploads\/2022\/08\/08-768x539.jpg 768w\" sizes=\"auto, (max-width: 1031px) 100vw, 1031px\" \/><\/figure>\n\n\n\n<figure class=\"wp-block-image size-large\"><img loading=\"lazy\" decoding=\"async\" width=\"1031\" height=\"723\" data-id=\"156\" src=\"https:\/\/www.rayba.ch\/wp-content\/uploads\/2022\/08\/11.jpg\" alt=\"\" class=\"wp-image-156\" srcset=\"https:\/\/www.rayba.ch\/wp-content\/uploads\/2022\/08\/11.jpg 1031w, https:\/\/www.rayba.ch\/wp-content\/uploads\/2022\/08\/11-300x210.jpg 300w, https:\/\/www.rayba.ch\/wp-content\/uploads\/2022\/08\/11-1024x718.jpg 1024w, https:\/\/www.rayba.ch\/wp-content\/uploads\/2022\/08\/11-768x539.jpg 768w\" sizes=\"auto, (max-width: 1031px) 100vw, 1031px\" \/><\/figure>\n\n\n\n<figure class=\"wp-block-image size-large\"><img loading=\"lazy\" decoding=\"async\" width=\"1031\" height=\"723\" data-id=\"157\" src=\"https:\/\/www.rayba.ch\/wp-content\/uploads\/2022\/08\/12.jpg\" alt=\"\" class=\"wp-image-157\" srcset=\"https:\/\/www.rayba.ch\/wp-content\/uploads\/2022\/08\/12.jpg 1031w, https:\/\/www.rayba.ch\/wp-content\/uploads\/2022\/08\/12-300x210.jpg 300w, https:\/\/www.rayba.ch\/wp-content\/uploads\/2022\/08\/12-1024x718.jpg 1024w, https:\/\/www.rayba.ch\/wp-content\/uploads\/2022\/08\/12-768x539.jpg 768w\" sizes=\"auto, (max-width: 1031px) 100vw, 1031px\" \/><\/figure>\n\n\n\n<figure class=\"wp-block-image size-large\"><img loading=\"lazy\" decoding=\"async\" width=\"1031\" height=\"723\" data-id=\"160\" src=\"https:\/\/www.rayba.ch\/wp-content\/uploads\/2022\/08\/15.jpg\" alt=\"\" class=\"wp-image-160\" srcset=\"https:\/\/www.rayba.ch\/wp-content\/uploads\/2022\/08\/15.jpg 1031w, https:\/\/www.rayba.ch\/wp-content\/uploads\/2022\/08\/15-300x210.jpg 300w, https:\/\/www.rayba.ch\/wp-content\/uploads\/2022\/08\/15-1024x718.jpg 1024w, https:\/\/www.rayba.ch\/wp-content\/uploads\/2022\/08\/15-768x539.jpg 768w\" sizes=\"auto, (max-width: 1031px) 100vw, 1031px\" \/><\/figure>\n\n\n\n<figure class=\"wp-block-image size-large\"><img loading=\"lazy\" decoding=\"async\" width=\"1031\" height=\"723\" data-id=\"161\" src=\"https:\/\/www.rayba.ch\/wp-content\/uploads\/2022\/08\/16.jpg\" alt=\"\" class=\"wp-image-161\" srcset=\"https:\/\/www.rayba.ch\/wp-content\/uploads\/2022\/08\/16.jpg 1031w, https:\/\/www.rayba.ch\/wp-content\/uploads\/2022\/08\/16-300x210.jpg 300w, https:\/\/www.rayba.ch\/wp-content\/uploads\/2022\/08\/16-1024x718.jpg 1024w, https:\/\/www.rayba.ch\/wp-content\/uploads\/2022\/08\/16-768x539.jpg 768w\" sizes=\"auto, (max-width: 1031px) 100vw, 1031px\" \/><\/figure>\n\n\n\n<figure class=\"wp-block-image size-large\"><img loading=\"lazy\" decoding=\"async\" width=\"1031\" height=\"723\" data-id=\"164\" src=\"https:\/\/www.rayba.ch\/wp-content\/uploads\/2022\/08\/19.jpg\" alt=\"\" class=\"wp-image-164\" srcset=\"https:\/\/www.rayba.ch\/wp-content\/uploads\/2022\/08\/19.jpg 1031w, https:\/\/www.rayba.ch\/wp-content\/uploads\/2022\/08\/19-300x210.jpg 300w, https:\/\/www.rayba.ch\/wp-content\/uploads\/2022\/08\/19-1024x718.jpg 1024w, https:\/\/www.rayba.ch\/wp-content\/uploads\/2022\/08\/19-768x539.jpg 768w\" sizes=\"auto, (max-width: 1031px) 100vw, 1031px\" \/><\/figure>\n\n\n\n<figure class=\"wp-block-image size-large\"><img loading=\"lazy\" decoding=\"async\" width=\"1031\" height=\"723\" data-id=\"165\" src=\"https:\/\/www.rayba.ch\/wp-content\/uploads\/2022\/08\/20.jpg\" alt=\"\" class=\"wp-image-165\" srcset=\"https:\/\/www.rayba.ch\/wp-content\/uploads\/2022\/08\/20.jpg 1031w, https:\/\/www.rayba.ch\/wp-content\/uploads\/2022\/08\/20-300x210.jpg 300w, https:\/\/www.rayba.ch\/wp-content\/uploads\/2022\/08\/20-1024x718.jpg 1024w, https:\/\/www.rayba.ch\/wp-content\/uploads\/2022\/08\/20-768x539.jpg 768w\" sizes=\"auto, (max-width: 1031px) 100vw, 1031px\" \/><\/figure>\n\n\n\n<figure class=\"wp-block-image size-large\"><img loading=\"lazy\" decoding=\"async\" width=\"1031\" height=\"723\" data-id=\"166\" src=\"https:\/\/www.rayba.ch\/wp-content\/uploads\/2022\/08\/21.jpg\" alt=\"\" class=\"wp-image-166\" srcset=\"https:\/\/www.rayba.ch\/wp-content\/uploads\/2022\/08\/21.jpg 1031w, https:\/\/www.rayba.ch\/wp-content\/uploads\/2022\/08\/21-300x210.jpg 300w, https:\/\/www.rayba.ch\/wp-content\/uploads\/2022\/08\/21-1024x718.jpg 1024w, https:\/\/www.rayba.ch\/wp-content\/uploads\/2022\/08\/21-768x539.jpg 768w\" sizes=\"auto, (max-width: 1031px) 100vw, 1031px\" \/><\/figure>\n\n\n\n<figure class=\"wp-block-image size-large\"><img loading=\"lazy\" decoding=\"async\" width=\"1031\" height=\"723\" data-id=\"167\" src=\"https:\/\/www.rayba.ch\/wp-content\/uploads\/2022\/08\/22.jpg\" alt=\"\" class=\"wp-image-167\" srcset=\"https:\/\/www.rayba.ch\/wp-content\/uploads\/2022\/08\/22.jpg 1031w, https:\/\/www.rayba.ch\/wp-content\/uploads\/2022\/08\/22-300x210.jpg 300w, https:\/\/www.rayba.ch\/wp-content\/uploads\/2022\/08\/22-1024x718.jpg 1024w, https:\/\/www.rayba.ch\/wp-content\/uploads\/2022\/08\/22-768x539.jpg 768w\" sizes=\"auto, (max-width: 1031px) 100vw, 1031px\" \/><\/figure>\n\n\n\n<figure class=\"wp-block-image size-large\"><img loading=\"lazy\" decoding=\"async\" width=\"1031\" height=\"723\" data-id=\"168\" src=\"https:\/\/www.rayba.ch\/wp-content\/uploads\/2022\/08\/23.jpg\" alt=\"\" class=\"wp-image-168\" srcset=\"https:\/\/www.rayba.ch\/wp-content\/uploads\/2022\/08\/23.jpg 1031w, https:\/\/www.rayba.ch\/wp-content\/uploads\/2022\/08\/23-300x210.jpg 300w, https:\/\/www.rayba.ch\/wp-content\/uploads\/2022\/08\/23-1024x718.jpg 1024w, https:\/\/www.rayba.ch\/wp-content\/uploads\/2022\/08\/23-768x539.jpg 768w\" sizes=\"auto, (max-width: 1031px) 100vw, 1031px\" \/><\/figure>\n\n\n\n<figure class=\"wp-block-image size-large\"><img loading=\"lazy\" decoding=\"async\" width=\"1031\" height=\"723\" data-id=\"169\" src=\"https:\/\/www.rayba.ch\/wp-content\/uploads\/2022\/08\/24.jpg\" alt=\"\" class=\"wp-image-169\" srcset=\"https:\/\/www.rayba.ch\/wp-content\/uploads\/2022\/08\/24.jpg 1031w, https:\/\/www.rayba.ch\/wp-content\/uploads\/2022\/08\/24-300x210.jpg 300w, https:\/\/www.rayba.ch\/wp-content\/uploads\/2022\/08\/24-1024x718.jpg 1024w, https:\/\/www.rayba.ch\/wp-content\/uploads\/2022\/08\/24-768x539.jpg 768w\" sizes=\"auto, (max-width: 1031px) 100vw, 1031px\" \/><\/figure>\n\n\n\n<figure class=\"wp-block-image size-large\"><img loading=\"lazy\" decoding=\"async\" width=\"1031\" height=\"723\" data-id=\"170\" src=\"https:\/\/www.rayba.ch\/wp-content\/uploads\/2022\/08\/25.jpg\" alt=\"\" class=\"wp-image-170\" srcset=\"https:\/\/www.rayba.ch\/wp-content\/uploads\/2022\/08\/25.jpg 1031w, https:\/\/www.rayba.ch\/wp-content\/uploads\/2022\/08\/25-300x210.jpg 300w, https:\/\/www.rayba.ch\/wp-content\/uploads\/2022\/08\/25-1024x718.jpg 1024w, https:\/\/www.rayba.ch\/wp-content\/uploads\/2022\/08\/25-768x539.jpg 768w\" sizes=\"auto, (max-width: 1031px) 100vw, 1031px\" \/><\/figure>\n<\/figure>\n\n\n\n<p><\/p>\n","protected":false},"excerpt":{"rendered":"<p>\u00abEs ist gut so, wie du bist.\u00bb Beschreibung Dieses Bilderbuch soll dich unterst\u00fctzen, dich zu sch\u00e4tzen, wie du bist mit all deinen St\u00e4rken und Schw\u00e4chen. Es soll dir helfen, jede deiner Situationen anzunehmen und das Beste daraus zu sch\u00f6pfen. Du erlebst den Gedankenaustausch zwischen dem Schmetterling und Gott und kannst die Fragen und Antworten auf&hellip; <a class=\"more-link\" href=\"https:\/\/www.rayba.ch\/?page_id=76\"><span class=\"screen-reader-text\">Bilderbuch &#8222;Es ist gut so&#8220;<\/span> weiterlesen<\/a><\/p>\n","protected":false},"author":1,"featured_media":0,"parent":0,"menu_order":0,"comment_status":"closed","ping_status":"closed","template":"","meta":{"footnotes":""},"class_list":["post-76","page","type-page","status-publish","hentry","entry"],"_links":{"self":[{"href":"https:\/\/www.rayba.ch\/index.php?rest_route=\/wp\/v2\/pages\/76","targetHints":{"allow":["GET"]}}],"collection":[{"href":"https:\/\/www.rayba.ch\/index.php?rest_route=\/wp\/v2\/pages"}],"about":[{"href":"https:\/\/www.rayba.ch\/index.php?rest_route=\/wp\/v2\/types\/page"}],"author":[{"embeddable":true,"href":"https:\/\/www.rayba.ch\/index.php?rest_route=\/wp\/v2\/users\/1"}],"replies":[{"embeddable":true,"href":"https:\/\/www.rayba.ch\/index.php?rest_route=%2Fwp%2Fv2%2Fcomments&post=76"}],"version-history":[{"count":24,"href":"https:\/\/www.rayba.ch\/index.php?rest_route=\/wp\/v2\/pages\/76\/revisions"}],"predecessor-version":[{"id":208,"href":"https:\/\/www.rayba.ch\/index.php?rest_route=\/wp\/v2\/pages\/76\/revisions\/208"}],"wp:attachment":[{"href":"https:\/\/www.rayba.ch\/index.php?rest_route=%2Fwp%2Fv2%2Fmedia&parent=76"}],"curies":[{"name":"wp","href":"https:\/\/api.w.org\/{rel}","templated":true}]}}